{"id":104539,"date":"2023-05-31T16:25:39","date_gmt":"2023-05-31T14:25:39","guid":{"rendered":"https:\/\/www.toptuning.it\/privacy"},"modified":"2023-10-09T12:58:01","modified_gmt":"2023-10-09T10:58:01","slug":"privacy","status":"publish","type":"page","link":"https:\/\/www.toptuning.it\/fr\/privacy.htm","title":{"rendered":"Privacy policy"},"content":{"rendered":"\t\t<div data-elementor-type=\"wp-page\" data-elementor-id=\"104539\" class=\"elementor elementor-104539 elementor-101880\" data-elementor-post-type=\"page\">\n\t\t\t\t\t\t<section class=\"elementor-section elementor-top-section elementor-element elementor-element-1faf368 elementor-section-boxed elementor-section-height-default elementor-section-height-default\" data-id=\"1faf368\" data-element_type=\"section\">\n\t\t\t\t\t\t<div class=\"elementor-container elementor-column-gap-default\">\n\t\t\t\t\t<div class=\"elementor-column elementor-col-100 elementor-top-column elementor-element elementor-element-4867399\" data-id=\"4867399\" data-element_type=\"column\">\n\t\t\t<div class=\"elementor-widget-wrap elementor-element-populated\">\n\t\t\t\t\t\t<div class=\"elementor-element elementor-element-0293130 elementor-widget elementor-widget-heading\" data-id=\"0293130\" data-element_type=\"widget\" data-widget_type=\"heading.default\">\n\t\t\t\t<div class=\"elementor-widget-container\">\n\t\t\t<style>\/*! elementor - v3.23.0 - 15-07-2024 *\/\n.elementor-heading-title{padding:0;margin:0;line-height:1}.elementor-widget-heading .elementor-heading-title[class*=elementor-size-]>a{color:inherit;font-size:inherit;line-height:inherit}.elementor-widget-heading .elementor-heading-title.elementor-size-small{font-size:15px}.elementor-widget-heading .elementor-heading-title.elementor-size-medium{font-size:19px}.elementor-widget-heading .elementor-heading-title.elementor-size-large{font-size:29px}.elementor-widget-heading .elementor-heading-title.elementor-size-xl{font-size:39px}.elementor-widget-heading .elementor-heading-title.elementor-size-xxl{font-size:59px}<\/style><h2 class=\"elementor-heading-title elementor-size-default\">Privacy Policy<\/h2>\t\t<\/div>\n\t\t\t\t<\/div>\n\t\t\t\t<div class=\"elementor-element elementor-element-89c2e94 elementor-widget elementor-widget-text-editor\" data-id=\"89c2e94\" data-element_type=\"widget\" data-widget_type=\"text-editor.default\">\n\t\t\t\t<div class=\"elementor-widget-container\">\n\t\t\t<style>\/*! elementor - v3.23.0 - 15-07-2024 *\/\n.elementor-widget-text-editor.elementor-drop-cap-view-stacked .elementor-drop-cap{background-color:#69727d;color:#fff}.elementor-widget-text-editor.elementor-drop-cap-view-framed .elementor-drop-cap{color:#69727d;border:3px solid;background-color:transparent}.elementor-widget-text-editor:not(.elementor-drop-cap-view-default) .elementor-drop-cap{margin-top:8px}.elementor-widget-text-editor:not(.elementor-drop-cap-view-default) .elementor-drop-cap-letter{width:1em;height:1em}.elementor-widget-text-editor .elementor-drop-cap{float:left;text-align:center;line-height:1;font-size:50px}.elementor-widget-text-editor .elementor-drop-cap-letter{display:inline-block}<\/style>\t\t\t\t<p>Diese Seite beschreibt, wie die Website in Bezug auf die Verarbeitung personenbezogener Daten von Nutzern, die es benutzen zu verwalten. Diese Bekanntmachung wird gem\u00e4\u00df Art gegeben. 13 des Dekrets. N. 196\/2003 &#8211; Kodex zum Schutz der pers\u00f6nlichen Daten an diejenigen, die mit den Web Services von\u00a0<strong>Top Tuning di Fois Antonio<\/strong>\u00a0elektronisch zug\u00e4nglich von der Adresse interagieren: http:\/\/www.toptuning.it die Homepage der Website Top tuning di Fois Antonio.<\/p><p>Die Informationen gelten nur f\u00fcr die Website www.toptuning.it und nicht zu anderen Websites durch Links erreichbaren.<br \/>Die Angaben basieren auf der Grundlage der Empfehlung n. 2\/2001, dass die europ\u00e4ischen Beh\u00f6rden f\u00fcr den Schutz personenbezogener Daten von der Gruppe fest versammelt. 29 der Richtlinie Nr. 95\/46 \/ EG am 17. Mai 2001 angenommen, um die Mindestanforderungen f\u00fcr die Erhebung personenbezogener Daten im Internet zu schaffen, und vor allem die Art und Weise, Zeitpunkt und die Art der Informationen, die die Datenverarbeitung Verantwortlichen m\u00fcssen Benutzer, wenn sie auf Web-Seiten zu verbinden , unabh\u00e4ngig vom Zweck der Verbindung.<br \/>Die Empfehlung und eine kurze Beschreibung ihres Zwecks kann auf anderen Seiten dieser Website zu finden.<\/p><p><strong>\u00ab\u00a0BESITZER\u00a0\u00bb DER BEHANDLUNG<\/strong><br \/>Nach Konsultation dieser Website k\u00f6nnen Daten auf bestimmte oder bestimmbare Personen verarbeitet werden.<br \/>Der \u00ab\u00a0Besitzer\u00a0\u00bb der Behandlung ist Top Tuning di Fois Antonio, die ein B\u00fcro in der Via Marzan 4, 37019 Peschiera del Garda &#8211; Verona hat, Mehrwertsteuer 03129690230 &#8211; R.E.A. VR-312030 &#8211; Registergericht: Verona &#8211; E-Mail: info@toptuning.it &#8211; PEC: foisantonio@pec.it &#8211; Tel. +39 045 6402405 &#8211; Fax. +39 045 6401165<\/p><p><strong>ORT DER DATENVERARBEITUNG<\/strong><br \/>Behandlung, die Dienste auf dieser Website verbunden sind Top Tuning di Fois Antonio, mit Sitz in Via Marzan 4, 37019 Peschiera del Garda &#8211; Verona und sind nur durch technisches Personal verantwortlich f\u00fcr die Verarbeitung oder andere mit gelegentlichen Wartungsarbeiten kostenfrei behandelt.<br \/>Keine Daten aus dem Web-Service wird mitgeteilt oder verbreitet.<br \/>Die pers\u00f6nlichen Daten von Nutzern, die Versendung von Informationsmaterial Anforderung erbracht wird nur verwendet, um den Service oder die gew\u00fcnschte durchf\u00fchren und werden an Dritte nur dann, wenn dies erforderlich ist, zu diesem Zweck.<\/p><p><strong>ARTEN VON DATEN<\/strong><\/p><p><strong>Navigationsdaten<\/strong><br \/>Die EDV-Systeme und Software-Verfahren f\u00fcr den Betrieb dieser Website erwerben, w\u00e4hrend ihres normalen Betriebs einige pers\u00f6nliche Daten, deren \u00dcbertragung in die Kommunikationsprotokolle des Internets.<br \/>Diese Informationen werden nicht gesammelt, um mit der ermittelten, sondern von ihrem Wesen k\u00f6nnten, durch die Verarbeitung und Verkn\u00fcpfung mit Daten im Besitz von Dritten, um Benutzer zu identifizieren.<br \/>Diese Kategorie von Daten geh\u00f6ren die IP-Adressen oder Domain-Namen der Computer von den Benutzern eine Verbindung zu der Website, URI (Uniform Resource Identifier) \u200b\u200bder angeforderten Ressourcen, die Zeit der Anfrage, die verwendet werden, um die Anforderung an den Server benutzte Methode, die Gr\u00f6\u00dfe verwendet, der Datei in der Antwort, der numerische Code, den Status der Antwort vom Server (erfolgreich, Fehler usw.), und andere Parameter bez\u00fcglich des Betriebssystems und der Computerperipherie.<br \/>Diese Daten werden nur verwendet, um anonyme statistische Informationen \u00fcber die Website ihre korrekte Funktion zu erhalten und um zu pr\u00fcfen, und wird sofort nach der Verarbeitung gel\u00f6scht. Die Daten k\u00f6nnten verwendet werden, um die Verantwortung im Falle von hypothetischen Computer Verbrechen gegen die Website mit Ausnahme von dieser M\u00f6glichkeit, die Daten auf Web-Adressbuch f\u00fcr mehr als sieben Tage festzustellen sein.<br \/>Daten, die freiwillig durch<br \/>Die auf dieser Website enthalten sind optionale, ausdr\u00fcckliche und freiwillige E-Mail-Adressen, werden sowohl die des Absenders, notwendig, um auf Anfragen reagieren, und alle anderen in der Nachricht enthalten personenbezogene Daten.<br \/>Spezifische zusammenfassende Informationen werden schrittweise gemeldet oder auf Web-Seiten zu bestimmten Dienstleistungen auf Anfrage gewidmet angezeigt.<\/p><p><strong>COOKIES<\/strong><\/p><p><strong>Was ist ein Cookie?<\/strong><br \/>Ein Cookie ist eine kleine Textdatei, die auf Ihrem Computer beim Besuch einer Website gespeichert ist. Diese Textdatei speichert Informationen, die von der Website, wenn wieder besuchen es zu einem sp\u00e4teren Zeitpunkt gelesen werden kann. einige dieser Cookies sind notwendig, weil sonst die Seite ist nicht in der Lage, um richtig funktionieren. Andere Cookies sind bequem f\u00fcr den Besucher: Sie Ihren Benutzernamen in einer sicheren Weise als auch Ihre Spracheinstellungen, zum Beispiel erinnern. Cookies bedeuten, dass Sie nicht brauchen, f\u00fcllen Sie die Informationen jedes Mal, wenn Sie eine Webseite besuchen.<\/p><p><strong>warum unsere Website Cookies?<\/strong><br \/>Unsere Website verwendet Cookies, um uns zu helfen bieten Ihnen eine bessere Benutzererfahrung, um Ihre pers\u00f6nlichen Vorlieben zugeschnitten. mit Hilfe von Cookies wir sorgt daf\u00fcr, dass Sie nicht erhalten oder m\u00fcssen die gleiche Information jedes einzelne Mal, wenn Sie unsere Website besuchen, eingeben. Cookies werden auch verwendet, um die Leistung der Website zu optimieren. zum Beispiel machen Cookies der Checkout-Prozess einfacher und helfen Ihnen, eine bestimmte Kleidungs \u200b\u200bschneller zu finden. Ihre pers\u00f6nlichen Daten als auch gegen einen m\u00f6glichen Verlust von Informationen oder jede Form der unrechtm\u00e4\u00dfigen Verarbeitung zu sch\u00fctzen, haben wir entsprechende organisatorische und technische Ma\u00dfnahmen getroffen hat. weitere Informationen finden Sie unsere Datenschutzbestimmungen.<\/p><p><strong>Was bedeutet Cookies verwenden und zu welchem \u200b\u200bZweck wir?<\/strong><br \/>Website verwendet verschiedene Arten von Cookies, von denen jede eine andere Funktion hat.<\/p><p><strong>Browser-Cookies<\/strong><br \/>Diese Cookies erm\u00f6glichen die Website, um vollst\u00e4ndig funktionieren zu k\u00f6nnen und Sie k\u00f6nnen es in Ihrer Sprache und f\u00fcr Ihr Markt vom ersten Mal, wenn Sie darauf zugreifen anzuzeigen. sie werden Ihr Land erkennen, so dass auf jeden weiteren Besuch, Sie direkt zu dem jeweiligen Land Website geleitet werden. sie erm\u00f6glichen Ihnen auch, ein Konto zu erstellen, melden Sie sich an und verwalten Sie Ihre Auftr\u00e4ge. wenn Sie ein registrierter Benutzer sind, bedeuten diese Cookies werden Sie als solche erkannt, wenn Sie die Dienstleistungen f\u00fcr unsere Mitglieder angeboten zuzugreifen. Diese Cookies werden erkennen, wenn Sie einen Kauf von der Website \u00fcber einen verbundenen oder Partner-Website zu machen, so dass wir keine Verpflichtungen, die wir auf diese Partner-Websites haben k\u00f6nnen, erf\u00fcllen kann. Diese Cookies sind erforderlich, dass die Website, um funktionieren zu k\u00f6nnen.<\/p><p><strong>Funktionellen Cookies<\/strong><br \/>Diese Cookies sind nicht wesentlich f\u00fcr die Website, um Funktion, aber sie sind die Website und die Browser-Erfahrung zu verbessern.<\/p><p><strong>Analytischen Cookies<\/strong><br \/>Diese Cookies werden beispielsweise von Google Analytics, um f\u00fchren statistische Analysen der Benutzung unserer Webseite durch ihre Computer oder \u00fcber unsere mobilen Anwendungen, wie zum Beispiel, wie viele Seiten ein Benutzer besucht hat, oder die Anzahl der Mausklicks auf einer Seite gemacht verwendet w\u00e4hrend der Verwendung der Website. in solche Ereignisse, Prozesse wir die Ergebnisse dieser Analysen in anonymisierter Form f\u00fcr statistische Zwecke und nur, sofern der Service-Anbieter verwendet die Cookies in Verbindung mit dem Browser auf Ihrem Computer oder einem anderen Ger\u00e4t verwendet, um unsere Website installiert.<br \/>Wie kann ich deaktivieren Cookies durch Browserkonfiguration?<br \/>Sie k\u00f6nnen Ihren Browser so \u00e4ndern, dass Cookies deaktivieren. Dies ist sehr einfach zu tun. Bitte beachten Sie: wenn Sie Cookies deaktivieren, k\u00f6nnen Sie Ihren Benutzernamen und Ihr Passwort nicht mehr auf jeder Website gespeichert werden. Die meisten Web-Browser (Internet Explorer, Firefox, etc.) sind so konfiguriert, dass sie Cookies automatisch akzeptieren. aber die meisten Web-Browser erlauben eine gewisse Kontrolle der meisten Cookies durch den Browser-Einstellungen, einschlie\u00dflich der Sperrung von Cookies jederzeit. Wir weisen zu machen, jedoch, dass die Deaktivierung technische \/ Surfen Cookies oder funktionellen Cookies k\u00f6nnen unsere Website korrekt funktioniert verhindern und \/ oder kann nicht erlauben, vollst\u00e4ndig und effektiv nutzen die von uns angebotenen Dienstleistungen.<\/p><p>Um mehr \u00fcber Cookies, einschlie\u00dflich, wie die Verwaltung und Drittanbieter oder Marketing \/ Retargeting-Cookies deaktivieren, besuchen Sie www.youronlinechoices.com. um analytische Cookies deaktivieren und um aus der von Google Analytics auf allen Websites aufgesp\u00fcrt entscheiden, k\u00f6nnen Sie den Download der Deaktivierung von Google Analytics aus Browser-Add-on: tools.google.com\/dlpage\/gaoptout.<\/p><p><strong>Google Chrome:<\/strong><br \/>\u2022 F\u00fchren Sie den Browser Chrome<br \/>\u2022 Klicken Sie auf in der Symbolleiste des Browsers den Men\u00fceinstellungen Chrom vorhanden neben dem Eingabefenster url Navigation<br \/>\u2022 W\u00e4hlen Sie Einstellungen<br \/>\u2022 Klicken Sie auf Erweiterte Einstellungen anzeigen<br \/>\u2022 In der \u00ab\u00a0Privacy\u00a0\u00bb Abschnitt, klicken Sie auf die Schaltfl\u00e4che \u00ab\u00a0Inhaltseinstellungen\u00a0\u00bb<br \/>\u2022 Im Abschnitt \u00ab\u00a0Cookies\u00a0\u00bb k\u00f6nnen Sie die folgenden Cookie-Einstellungen \u00e4ndern:<br \/>\u2022 lokal zulassen Spar Daten<br \/>\u2022 \u00c4ndern Sie die lokalen Daten nur bis zum Schlie\u00dfen des Browsers<br \/>\u2022 Lassen Sie keine Webseiten, Cookies zu setzen<br \/>\u2022 Um Drittanbieter-Cookies und Websitedaten blockieren<br \/>\u2022 Umgang mit Ausnahmen f\u00fcr einige Internet-Seiten<br \/>\u2022 L\u00f6schen Sie eine oder alle Cookies<\/p><p>Weitere Informationen finden Sie auf der speziellen Seite.<\/p><p><strong>Mozilla Firefox:<\/strong><br \/>\u2022 F\u00fchren Sie den Mozilla Firefox Browser<br \/>\u2022 Klicken Sie auf das Men\u00fc Firefox-Einstellungen in der Symbolleiste des Browsers vorhanden neben dem Eingabefenster url Navigation<br \/>\u2022 W\u00e4hlen Sie Optionen<br \/>\u2022 W\u00e4hlen Sie die Datenschutzplatte<br \/>\u2022 Klicken Sie auf Erweiterte Einstellungen anzeigen<br \/>\u2022 In der \u00ab\u00a0Privacy\u00a0\u00bb Abschnitt, klicken Sie auf die Schaltfl\u00e4che \u00ab\u00a0Inhaltseinstellungen\u00a0\u00bb<br \/>\u2022 Im \u00ab\u00a0Track\u00a0\u00bb k\u00f6nnen Sie die folgenden Cookie-Einstellungen \u00e4ndern:<br \/>\u2022 Anfrage an den Standorten, keine Tracking machen<br \/>\u2022 Benachrichtigen Sie die Verf\u00fcgbarkeit auf Websites verfolgt werden<br \/>\u2022 Keine Pr\u00e4ferenz auf der Tracking-Daten nicht zum Ausdruck bringen<br \/>\u2022 Von der \u00ab\u00a0History\u00a0\u00bb k\u00f6nnen Sie:<br \/>\u2022 Aktivieren von \u00ab\u00a0Benutzerdefinierte Einstellungen\u00a0\u00bb ausw\u00e4hlen, um Cookies von Drittanbietern (wieder von den meisten besuchten Websites oder nie) zu akzeptieren und halten sie f\u00fcr einen bestimmten Zeitraum (bis zu ihrem Auslaufen am Ende des Firefox oder fragen Sie jedes Mal)<br \/>\u2022 Entfernen Sie einzelne Cookies gespeichert<\/p><p>Weitere Informationen finden Sie auf der speziellen Seite.<\/p><p><strong>Internet Explorer:<\/strong><br \/>\u2022 F\u00fchren Sie den Internet Explorer-Browser<br \/>\u2022 Klicken Sie auf die Schaltfl\u00e4che Extras und w\u00e4hlen Sie Internetoptionen<br \/>\u2022 Klicken Sie auf die Registerkarte Datenschutz unter Einstellungen und \u00e4ndern Sie den Schieberegler nach der durch den Cookie gew\u00fcnschte<br \/>Aktion:<br \/>\u2022 Alle Cookies sperren<br \/>\u2022 Lassen Sie alle Cookies<br \/>\u2022 Auswahl der Stellen, von denen auf Cookie erhalten: bewegen Sie den Cursor in einer Zwischenstellung, um nicht zu blockieren oder zulassen alle Cookies, dr\u00fccken Sie dann auf Sites, Web Site Feld Adresse, um eine Website einzugeben und dr\u00fccken Sie dann blockieren oder zulassen<\/p><p>Weitere Informationen finden Sie auf der speziellen Seite.<\/p><p><strong>Safari:<\/strong><br \/>\u2022 F\u00fchren Sie den Safari-Browser<br \/>\u2022 Klicken Sie auf Safari, w\u00e4hlen Sie Einstellungen und klicken Sie auf Datenschutz<br \/>\u2022 In der Block-Cookies festlegen, wie Safari m\u00fcssen Cookies von Webseiten akzeptieren.<br \/>\u2022 Um zu sehen, welche Websites gespeicherten Cookies klicken Sie auf Details<\/p><p>Weitere Informationen finden Sie auf der speziellen Seite.<\/p><p><strong>Safari iOS (mobile Ger\u00e4te):<\/strong><br \/>\u2022 F\u00fchren Sie das iOS Safari Browser<br \/>\u2022 Tippen Sie auf Einstellungen, dann Safari<br \/>\u2022 Tippen Sie auf Cookies blockieren, und w\u00e4hlen Sie zwischen verschiedenen Optionen: \u00ab\u00a0Nie\u00a0\u00bb, \u00ab\u00a0Drittanbieter-Werbekunden und\u00a0\u00bb oder \u00ab\u00a0Always\u00a0\u00bb<br \/>\u2022 Wenn Sie alle Cookies von Safari, tippen Sie auf Einstellungen, dann Safari gespeichert zu l\u00f6schen, und klicken Sie dann auf Pl\u00e4tzchen und Daten l\u00f6schen<\/p><p>Weitere Informationen finden Sie auf der speziellen Seite.<\/p><p><strong>Opera:<\/strong><br \/>\u2022 Perform the Opera Browser<br \/>\u2022 Click on Preferences, then Advanced, and then click Cookies<br \/>\u2022 Select one of the following options:<br \/>\u2022 Accept All Cookies<br \/>\u2022 Accept cookies only from the site I visit: the third-party cookies that are sent to and from a domain other than the one you are visiting will be rejected<br \/>\u2022 Never accept cookies: all cookies will never be saved<\/p><p>For more information visit the dedicated page.<\/p><p><strong>OPTIONAL DATEN<\/strong><br \/>A Achtung der Navigationsdaten, ist der Benutzer frei, personenbezogene Daten in den Antragsformularen der Website enthalten sind oder in Kontakt mit dem B\u00fcro angezeigt, um fordern Sie die Zusendung von Informationsmaterial oder andere Mitteilungen bereitzustellen.<br \/>Ihr Fehlen kann es unm\u00f6glich machen, die Anforderung zu erf\u00fcllen.<br \/>Es muss daran erinnert, dass in einigen F\u00e4llen (nicht die gew\u00f6hnliche Verwaltung dieser Website) kann die Beh\u00f6rde Informationen gem\u00e4\u00df Artikel 157 der Gesetzesverordnung verlangen. N. 196\/2003, um die Verarbeitung personenbezogener Daten kontrollieren. In diesen F\u00e4llen Antwort ist unter Androhung eines Zwangsgeldes obligatorisch.<\/p><p><strong>REGELN DER BEHANDLUNG<\/strong><br \/>Pers\u00f6nliche Daten werden durch automatisierte Tools f\u00fcr die notwendige Zeit, um die Zwecke, f\u00fcr die sie erhoben wurden verarbeitet.<br \/>Besondere Sicherheitsma\u00dfnahmen getroffen werden, um Datenverlust, des unerlaubten oder missbr\u00e4uchlichen Verwendung und unberechtigten Zugriff zu verhindern.<\/p><p><strong>Nutzerrechte<\/strong><br \/>Diejenigen, deren pers\u00f6nliche Daten beziehen, haben das Recht, jederzeit eine Best\u00e4tigung der Existenz dieser Daten den Inhalt und Ursprung zu erhalten, und zu wissen, deren Richtigkeit \u00fcberpr\u00fcfen oder fordern ihre Integration oder Aktualisierung oder Berichtigung (Art. 7 der Gesetzesverordnung. N. 196\/2003).<\/p><p>F\u00fcr die Zwecke dieses Artikels wird das Recht auf L\u00f6schung, Umwandlung in anonyme Form oder Sperrung der in Verletzung des Gesetzes verarbeiteten Daten zu verlangen, sowie in jedem Fall zu widersetzen, aus legitimen Gr\u00fcnden ihre Behandlung.<br \/>Anfragen sollten an Top Tuning di Fois Antonio, die ein B\u00fcro in der Via Marzan 4, 37019 Peschiera del Garda &#8211; Verona hat, Mehrwertsteuer 03129690230 &#8211; R.E.A. VR-312030 &#8211; Registergericht: Verona &#8211; E-Mail: info@toptuning.it &#8211; PEC: foisantonio@pec.it &#8211; Tel. +39 045 6402405 &#8211; Fax. +39 045 6401165<\/p>\t\t\t\t\t\t<\/div>\n\t\t\t\t<\/div>\n\t\t\t\t\t<\/div>\n\t\t<\/div>\n\t\t\t\t\t<\/div>\n\t\t<\/section>\n\t\t\t\t<\/div>\n\t\t","protected":false},"excerpt":{"rendered":"<p>Privacy Policy Diese Seite beschreibt, wie die Website in Bezug auf die Verarbeitung personenbezogener Daten von Nutzern, die es benutzen zu verwalten. Diese Bekanntmachung wird gem\u00e4\u00df Art gegeben. 13 des Dekrets. N. 196\/2003 &#8211; Kodex zum Schutz der pers\u00f6nlichen Daten an diejenigen, die mit den Web Services von\u00a0Top Tuning di Fois Antonio\u00a0elektronisch zug\u00e4nglich von der [&hellip;]<\/p>\n","protected":false},"author":1,"featured_media":0,"parent":0,"menu_order":0,"comment_status":"closed","ping_status":"closed","template":"","meta":{"_acf_changed":false,"inline_featured_image":false,"footnotes":""},"class_list":["post-104539","page","type-page","status-publish","hentry"],"acf":[],"yoast_head":"<!-- This site is optimized with the Yoast SEO plugin v21.1 - https:\/\/yoast.com\/wordpress\/plugins\/seo\/ -->\n<title>Privacy policy - TopTuning<\/title>\n<meta name=\"robots\" content=\"index, follow, max-snippet:-1, max-image-preview:large, max-video-preview:-1\" \/>\n<link rel=\"canonical\" href=\"https:\/\/www.toptuning.it\/fr\/privacy.htm\" \/>\n<meta property=\"og:locale\" content=\"fr_FR\" \/>\n<meta property=\"og:type\" content=\"article\" \/>\n<meta property=\"og:title\" content=\"Privacy policy - TopTuning\" \/>\n<meta property=\"og:description\" content=\"Privacy Policy Diese Seite beschreibt, wie die Website in Bezug auf die Verarbeitung personenbezogener Daten von Nutzern, die es benutzen zu verwalten. Diese Bekanntmachung wird gem\u00e4\u00df Art gegeben. 13 des Dekrets. N. 196\/2003 &#8211; Kodex zum Schutz der pers\u00f6nlichen Daten an diejenigen, die mit den Web Services von\u00a0Top Tuning di Fois Antonio\u00a0elektronisch zug\u00e4nglich von der [&hellip;]\" \/>\n<meta property=\"og:url\" content=\"https:\/\/www.toptuning.it\/fr\/privacy.htm\" \/>\n<meta property=\"og:site_name\" content=\"TopTuning\" \/>\n<meta property=\"article:modified_time\" content=\"2023-10-09T10:58:01+00:00\" \/>\n<meta name=\"twitter:card\" content=\"summary_large_image\" \/>\n<meta name=\"twitter:label1\" content=\"Dur\u00e9e de lecture estim\u00e9e\" \/>\n\t<meta name=\"twitter:data1\" content=\"11 minutes\" \/>\n<script type=\"application\/ld+json\" class=\"yoast-schema-graph\">{\"@context\":\"https:\/\/schema.org\",\"@graph\":[{\"@type\":\"WebPage\",\"@id\":\"https:\/\/www.toptuning.it\/fr\/privacy.htm\",\"url\":\"https:\/\/www.toptuning.it\/fr\/privacy.htm\",\"name\":\"Privacy policy - TopTuning\",\"isPartOf\":{\"@id\":\"https:\/\/www.toptuning.it\/fr\/#website\"},\"datePublished\":\"2023-05-31T14:25:39+00:00\",\"dateModified\":\"2023-10-09T10:58:01+00:00\",\"breadcrumb\":{\"@id\":\"https:\/\/www.toptuning.it\/fr\/privacy.htm#breadcrumb\"},\"inLanguage\":\"fr-FR\",\"potentialAction\":[{\"@type\":\"ReadAction\",\"target\":[\"https:\/\/www.toptuning.it\/fr\/privacy.htm\"]}]},{\"@type\":\"BreadcrumbList\",\"@id\":\"https:\/\/www.toptuning.it\/fr\/privacy.htm#breadcrumb\",\"itemListElement\":[{\"@type\":\"ListItem\",\"position\":1,\"name\":\"Home\",\"item\":\"https:\/\/www.toptuning.it\/fr\"},{\"@type\":\"ListItem\",\"position\":2,\"name\":\"Privacy policy\"}]},{\"@type\":\"WebSite\",\"@id\":\"https:\/\/www.toptuning.it\/fr\/#website\",\"url\":\"https:\/\/www.toptuning.it\/fr\/\",\"name\":\"TopTuning\",\"description\":\"\",\"publisher\":{\"@id\":\"https:\/\/www.toptuning.it\/fr\/#organization\"},\"potentialAction\":[{\"@type\":\"SearchAction\",\"target\":{\"@type\":\"EntryPoint\",\"urlTemplate\":\"https:\/\/www.toptuning.it\/fr\/?s={search_term_string}\"},\"query-input\":\"required name=search_term_string\"}],\"inLanguage\":\"fr-FR\"},{\"@type\":\"Organization\",\"@id\":\"https:\/\/www.toptuning.it\/fr\/#organization\",\"name\":\"TopTuning\",\"url\":\"https:\/\/www.toptuning.it\/fr\/\",\"logo\":{\"@type\":\"ImageObject\",\"inLanguage\":\"fr-FR\",\"@id\":\"https:\/\/www.toptuning.it\/fr\/#\/schema\/logo\/image\/\",\"url\":\"https:\/\/www.toptuning.it\/wp-content\/uploads\/2022\/12\/LOGO-TOPTUNING-2022.png\",\"contentUrl\":\"https:\/\/www.toptuning.it\/wp-content\/uploads\/2022\/12\/LOGO-TOPTUNING-2022.png\",\"width\":7476,\"height\":1760,\"caption\":\"TopTuning\"},\"image\":{\"@id\":\"https:\/\/www.toptuning.it\/fr\/#\/schema\/logo\/image\/\"}}]}<\/script>\n<!-- \/ Yoast SEO plugin. -->","yoast_head_json":{"title":"Privacy policy - TopTuning","robots":{"index":"index","follow":"follow","max-snippet":"max-snippet:-1","max-image-preview":"max-image-preview:large","max-video-preview":"max-video-preview:-1"},"canonical":"https:\/\/www.toptuning.it\/fr\/privacy.htm","og_locale":"fr_FR","og_type":"article","og_title":"Privacy policy - TopTuning","og_description":"Privacy Policy Diese Seite beschreibt, wie die Website in Bezug auf die Verarbeitung personenbezogener Daten von Nutzern, die es benutzen zu verwalten. Diese Bekanntmachung wird gem\u00e4\u00df Art gegeben. 13 des Dekrets. N. 196\/2003 &#8211; Kodex zum Schutz der pers\u00f6nlichen Daten an diejenigen, die mit den Web Services von\u00a0Top Tuning di Fois Antonio\u00a0elektronisch zug\u00e4nglich von der [&hellip;]","og_url":"https:\/\/www.toptuning.it\/fr\/privacy.htm","og_site_name":"TopTuning","article_modified_time":"2023-10-09T10:58:01+00:00","twitter_card":"summary_large_image","twitter_misc":{"Dur\u00e9e de lecture estim\u00e9e":"11 minutes"},"schema":{"@context":"https:\/\/schema.org","@graph":[{"@type":"WebPage","@id":"https:\/\/www.toptuning.it\/fr\/privacy.htm","url":"https:\/\/www.toptuning.it\/fr\/privacy.htm","name":"Privacy policy - TopTuning","isPartOf":{"@id":"https:\/\/www.toptuning.it\/fr\/#website"},"datePublished":"2023-05-31T14:25:39+00:00","dateModified":"2023-10-09T10:58:01+00:00","breadcrumb":{"@id":"https:\/\/www.toptuning.it\/fr\/privacy.htm#breadcrumb"},"inLanguage":"fr-FR","potentialAction":[{"@type":"ReadAction","target":["https:\/\/www.toptuning.it\/fr\/privacy.htm"]}]},{"@type":"BreadcrumbList","@id":"https:\/\/www.toptuning.it\/fr\/privacy.htm#breadcrumb","itemListElement":[{"@type":"ListItem","position":1,"name":"Home","item":"https:\/\/www.toptuning.it\/fr"},{"@type":"ListItem","position":2,"name":"Privacy policy"}]},{"@type":"WebSite","@id":"https:\/\/www.toptuning.it\/fr\/#website","url":"https:\/\/www.toptuning.it\/fr\/","name":"TopTuning","description":"","publisher":{"@id":"https:\/\/www.toptuning.it\/fr\/#organization"},"potentialAction":[{"@type":"SearchAction","target":{"@type":"EntryPoint","urlTemplate":"https:\/\/www.toptuning.it\/fr\/?s={search_term_string}"},"query-input":"required name=search_term_string"}],"inLanguage":"fr-FR"},{"@type":"Organization","@id":"https:\/\/www.toptuning.it\/fr\/#organization","name":"TopTuning","url":"https:\/\/www.toptuning.it\/fr\/","logo":{"@type":"ImageObject","inLanguage":"fr-FR","@id":"https:\/\/www.toptuning.it\/fr\/#\/schema\/logo\/image\/","url":"https:\/\/www.toptuning.it\/wp-content\/uploads\/2022\/12\/LOGO-TOPTUNING-2022.png","contentUrl":"https:\/\/www.toptuning.it\/wp-content\/uploads\/2022\/12\/LOGO-TOPTUNING-2022.png","width":7476,"height":1760,"caption":"TopTuning"},"image":{"@id":"https:\/\/www.toptuning.it\/fr\/#\/schema\/logo\/image\/"}}]}},"_links":{"self":[{"href":"https:\/\/www.toptuning.it\/fr\/wp-json\/wp\/v2\/pages\/104539","targetHints":{"allow":["GET"]}}],"collection":[{"href":"https:\/\/www.toptuning.it\/fr\/wp-json\/wp\/v2\/pages"}],"about":[{"href":"https:\/\/www.toptuning.it\/fr\/wp-json\/wp\/v2\/types\/page"}],"author":[{"embeddable":true,"href":"https:\/\/www.toptuning.it\/fr\/wp-json\/wp\/v2\/users\/1"}],"replies":[{"embeddable":true,"href":"https:\/\/www.toptuning.it\/fr\/wp-json\/wp\/v2\/comments?post=104539"}],"version-history":[{"count":4,"href":"https:\/\/www.toptuning.it\/fr\/wp-json\/wp\/v2\/pages\/104539\/revisions"}],"predecessor-version":[{"id":109222,"href":"https:\/\/www.toptuning.it\/fr\/wp-json\/wp\/v2\/pages\/104539\/revisions\/109222"}],"wp:attachment":[{"href":"https:\/\/www.toptuning.it\/fr\/wp-json\/wp\/v2\/media?parent=104539"}],"curies":[{"name":"wp","href":"https:\/\/api.w.org\/{rel}","templated":true}]}}